{"id":2157,"date":"2025-07-30T18:50:19","date_gmt":"2025-07-30T16:50:19","guid":{"rendered":"https:\/\/staging.viduca.ch\/?page_id=2157"},"modified":"2025-07-30T19:14:11","modified_gmt":"2025-07-30T17:14:11","slug":"methodik","status":"publish","type":"page","link":"https:\/\/staging.viduca.ch\/?page_id=2157","title":{"rendered":"Methodik"},"content":{"rendered":"<div class=\"fusion-fullwidth fullwidth-box fusion-builder-row-1 fusion-flex-container has-pattern-background has-mask-background nonhundred-percent-fullwidth non-hundred-percent-height-scrolling\" style=\"--awb-border-radius-top-left:0px;--awb-border-radius-top-right:0px;--awb-border-radius-bottom-right:0px;--awb-border-radius-bottom-left:0px;--awb-flex-wrap:wrap;\" ><div class=\"fusion-builder-row fusion-row fusion-flex-align-items-flex-start fusion-flex-content-wrap\" style=\"max-width:1248px;margin-left: calc(-4% \/ 2 );margin-right: calc(-4% \/ 2 );\"><div class=\"fusion-layout-column fusion_builder_column fusion-builder-column-0 fusion_builder_column_3_5 3_5 fusion-flex-column\" style=\"--awb-bg-size:cover;--awb-width-large:60%;--awb-margin-top-large:0px;--awb-spacing-right-large:3.2%;--awb-margin-bottom-large:20px;--awb-spacing-left-large:3.2%;--awb-width-medium:60%;--awb-order-medium:0;--awb-spacing-right-medium:3.2%;--awb-spacing-left-medium:3.2%;--awb-width-small:100%;--awb-order-small:0;--awb-spacing-right-small:1.92%;--awb-spacing-left-small:1.92%;\"><div class=\"fusion-column-wrapper fusion-column-has-shadow fusion-flex-justify-content-flex-start fusion-content-layout-column\"><div class=\"fusion-title title fusion-title-1 fusion-sep-none fusion-title-text fusion-title-size-one\" style=\"--awb-text-color:var(--awb-custom_color_1);--awb-font-size:20px;\"><h1 class=\"fusion-title-heading title-heading-left\" style=\"font-family:&quot;Inter&quot;;font-style:normal;font-weight:600;margin:0;font-size:1em;\">Kreislauf der F\u00f6rderplanung<\/h1><\/div><div class=\"fusion-title title fusion-title-2 fusion-sep-none fusion-title-text fusion-title-size-one\" style=\"--awb-margin-top:-15px;--awb-font-size:70px;\"><h1 class=\"fusion-title-heading title-heading-left\" style=\"margin:0;font-size:1em;\">Meine Methodik<\/h1><\/div><div class=\"fusion-text fusion-text-1\" style=\"--awb-font-size:18px;\"><p>Ich lege Wert auf eine gute Zusammenarbeit mit Eltern, der Schule und weiteren Fachpersonen. Eine offene und vertrauensvolle Kommunikation zwischen allen Beteiligten ist wichtig, um die individuellen Bed\u00fcrfnisse der Kinder und Jugendlichen bestm\u00f6glich zu verstehen und zu ber\u00fccksichtigen.<\/p>\n<\/div><div class=\"accordian fusion-accordian\" style=\"--awb-border-size:1px;--awb-icon-size:16px;--awb-content-font-size:var(--awb-typography4-font-size);--awb-icon-alignment:left;--awb-hover-color:var(--awb-color2);--awb-border-color:var(--awb-color3);--awb-background-color:var(--awb-color1);--awb-divider-color:var(--awb-color3);--awb-divider-hover-color:var(--awb-color3);--awb-icon-color:var(--awb-color1);--awb-title-color:var(--awb-color8);--awb-content-color:var(--awb-color8);--awb-icon-box-color:var(--awb-custom_color_1);--awb-toggle-hover-accent-color:var(--awb-color7);--awb-title-font-family:var(--awb-typography1-font-family);--awb-title-font-weight:var(--awb-typography1-font-weight);--awb-title-font-style:var(--awb-typography1-font-style);--awb-title-font-size:30px;--awb-title-letter-spacing:var(--awb-typography1-letter-spacing);--awb-title-line-height:var(--awb-typography1-line-height);--awb-content-font-family:var(--awb-typography4-font-family);--awb-content-font-weight:var(--awb-typography4-font-weight);--awb-content-font-style:var(--awb-typography4-font-style);\"><div class=\"panel-group fusion-toggle-icon-boxed\" id=\"accordion-2157-1\"><div class=\"fusion-panel panel-default panel-b02d375232c0f35f1 fusion-toggle-no-divider fusion-toggle-boxed-mode\"><div class=\"panel-heading\"><h2 class=\"panel-title toggle\" id=\"toggle_b02d375232c0f35f1\"><a aria-expanded=\"false\" aria-controls=\"b02d375232c0f35f1\" role=\"button\" data-toggle=\"collapse\" data-parent=\"#accordion-2157-1\" data-target=\"#b02d375232c0f35f1\" href=\"#b02d375232c0f35f1\"><span class=\"fusion-toggle-icon-wrapper\" aria-hidden=\"true\"><i class=\"fa-fusion-box active-icon awb-icon-minus\" aria-hidden=\"true\"><\/i><i class=\"fa-fusion-box inactive-icon fa-angle-double-right fas\" aria-hidden=\"true\"><\/i><\/span><span class=\"fusion-toggle-heading\">Erstgespr\u00e4ch<\/span><\/a><\/h2><\/div><div id=\"b02d375232c0f35f1\" class=\"panel-collapse collapse \" aria-labelledby=\"toggle_b02d375232c0f35f1\"><div class=\"panel-body toggle-content fusion-clearfix\">asdasdf<\/div><\/div><\/div><div class=\"fusion-panel panel-default panel-e80ce4b765a165d7a fusion-toggle-no-divider fusion-toggle-boxed-mode\"><div class=\"panel-heading\"><h2 class=\"panel-title toggle\" id=\"toggle_e80ce4b765a165d7a\"><a aria-expanded=\"false\" aria-controls=\"e80ce4b765a165d7a\" role=\"button\" data-toggle=\"collapse\" data-parent=\"#accordion-2157-1\" data-target=\"#e80ce4b765a165d7a\" href=\"#e80ce4b765a165d7a\"><span class=\"fusion-toggle-icon-wrapper\" aria-hidden=\"true\"><i class=\"fa-fusion-box active-icon awb-icon-minus\" aria-hidden=\"true\"><\/i><i class=\"fa-fusion-box inactive-icon fa-angle-double-right fas\" aria-hidden=\"true\"><\/i><\/span><span class=\"fusion-toggle-heading\">Entwicklungsbereich definieren<\/span><\/a><\/h2><\/div><div id=\"e80ce4b765a165d7a\" class=\"panel-collapse collapse \" aria-labelledby=\"toggle_e80ce4b765a165d7a\"><div class=\"panel-body toggle-content fusion-clearfix\">asdasdf<\/div><\/div><\/div><div class=\"fusion-panel panel-default panel-a1e2fc012fcfb3608 fusion-toggle-no-divider fusion-toggle-boxed-mode\"><div class=\"panel-heading\"><h2 class=\"panel-title toggle\" id=\"toggle_a1e2fc012fcfb3608\"><a aria-expanded=\"false\" aria-controls=\"a1e2fc012fcfb3608\" role=\"button\" data-toggle=\"collapse\" data-parent=\"#accordion-2157-1\" data-target=\"#a1e2fc012fcfb3608\" href=\"#a1e2fc012fcfb3608\"><span class=\"fusion-toggle-icon-wrapper\" aria-hidden=\"true\"><i class=\"fa-fusion-box active-icon awb-icon-minus\" aria-hidden=\"true\"><\/i><i class=\"fa-fusion-box inactive-icon fa-angle-double-right fas\" aria-hidden=\"true\"><\/i><\/span><span class=\"fusion-toggle-heading\">Theoriebezug offen legen<\/span><\/a><\/h2><\/div><div id=\"a1e2fc012fcfb3608\" class=\"panel-collapse collapse \" aria-labelledby=\"toggle_a1e2fc012fcfb3608\"><div class=\"panel-body toggle-content fusion-clearfix\">asdasdf<\/div><\/div><\/div><div class=\"fusion-panel panel-default panel-19ebde2506f206ad3 fusion-toggle-no-divider fusion-toggle-boxed-mode\"><div class=\"panel-heading\"><h2 class=\"panel-title toggle\" id=\"toggle_19ebde2506f206ad3\"><a aria-expanded=\"false\" aria-controls=\"19ebde2506f206ad3\" role=\"button\" data-toggle=\"collapse\" data-parent=\"#accordion-2157-1\" data-target=\"#19ebde2506f206ad3\" href=\"#19ebde2506f206ad3\"><span class=\"fusion-toggle-icon-wrapper\" aria-hidden=\"true\"><i class=\"fa-fusion-box active-icon awb-icon-minus\" aria-hidden=\"true\"><\/i><i class=\"fa-fusion-box inactive-icon fa-angle-double-right fas\" aria-hidden=\"true\"><\/i><\/span><span class=\"fusion-toggle-heading\">Diagnose stellen und F\u00f6rderziele formulieren<\/span><\/a><\/h2><\/div><div id=\"19ebde2506f206ad3\" class=\"panel-collapse collapse \" aria-labelledby=\"toggle_19ebde2506f206ad3\"><div class=\"panel-body toggle-content fusion-clearfix\">asdasdf<\/div><\/div><\/div><div class=\"fusion-panel panel-default panel-19cab103fdf603190 fusion-toggle-no-divider fusion-toggle-boxed-mode\"><div class=\"panel-heading\"><h2 class=\"panel-title toggle\" id=\"toggle_19cab103fdf603190\"><a aria-expanded=\"false\" aria-controls=\"19cab103fdf603190\" role=\"button\" data-toggle=\"collapse\" data-parent=\"#accordion-2157-1\" data-target=\"#19cab103fdf603190\" href=\"#19cab103fdf603190\"><span class=\"fusion-toggle-icon-wrapper\" aria-hidden=\"true\"><i class=\"fa-fusion-box active-icon awb-icon-minus\" aria-hidden=\"true\"><\/i><i class=\"fa-fusion-box inactive-icon fa-angle-double-right fas\" aria-hidden=\"true\"><\/i><\/span><span class=\"fusion-toggle-heading\">F\u00f6rderung durchf\u00fchren und evaluieren<\/span><\/a><\/h2><\/div><div id=\"19cab103fdf603190\" class=\"panel-collapse collapse \" aria-labelledby=\"toggle_19cab103fdf603190\"><div class=\"panel-body toggle-content fusion-clearfix\">\n<p>F\u00f6rderung durchf\u00fchren und evaluieren<\/p>\n<\/div><\/div><\/div><\/div><\/div><\/div><\/div><div class=\"fusion-layout-column fusion_builder_column fusion-builder-column-1 fusion_builder_column_2_5 2_5 fusion-flex-column\" style=\"--awb-overflow:hidden;--awb-bg-size:cover;--awb-border-radius:12px 12px 12px 12px;--awb-width-large:40%;--awb-margin-top-large:0px;--awb-spacing-right-large:4.8%;--awb-margin-bottom-large:20px;--awb-spacing-left-large:4.8%;--awb-width-medium:40%;--awb-order-medium:0;--awb-spacing-right-medium:4.8%;--awb-spacing-left-medium:4.8%;--awb-width-small:100%;--awb-order-small:0;--awb-spacing-right-small:1.92%;--awb-spacing-left-small:1.92%;\"><div class=\"fusion-column-wrapper fusion-column-has-shadow fusion-flex-justify-content-flex-start fusion-content-layout-column\"><div class=\"fusion-image-element \" style=\"--awb-aspect-ratio:1 \/ 1;--awb-caption-title-font-family:var(--h2_typography-font-family);--awb-caption-title-font-weight:var(--h2_typography-font-weight);--awb-caption-title-font-style:var(--h2_typography-font-style);--awb-caption-title-size:var(--h2_typography-font-size);--awb-caption-title-transform:var(--h2_typography-text-transform);--awb-caption-title-line-height:var(--h2_typography-line-height);--awb-caption-title-letter-spacing:var(--h2_typography-letter-spacing);\"><span class=\" fusion-imageframe imageframe-none imageframe-1 hover-type-none has-aspect-ratio\"><img decoding=\"async\" width=\"1024\" height=\"853\" title=\"IMG_3375-scaled\" src=\"https:\/\/staging.viduca.ch\/wp-content\/uploads\/2025\/07\/IMG_3375-scaled-1-1024x853.jpg\" class=\"img-responsive wp-image-2163 img-with-aspect-ratio\" data-parent-fit=\"cover\" data-parent-container=\".fusion-image-element\" alt srcset=\"https:\/\/staging.viduca.ch\/wp-content\/uploads\/2025\/07\/IMG_3375-scaled-1-200x167.jpg 200w, https:\/\/staging.viduca.ch\/wp-content\/uploads\/2025\/07\/IMG_3375-scaled-1-400x333.jpg 400w, https:\/\/staging.viduca.ch\/wp-content\/uploads\/2025\/07\/IMG_3375-scaled-1-600x500.jpg 600w, https:\/\/staging.viduca.ch\/wp-content\/uploads\/2025\/07\/IMG_3375-scaled-1-800x667.jpg 800w, https:\/\/staging.viduca.ch\/wp-content\/uploads\/2025\/07\/IMG_3375-scaled-1-1200x1000.jpg 1200w\" sizes=\"(max-width: 640px) 100vw, 600px\" \/><\/span><\/div><\/div><\/div><\/div><\/div>\n","protected":false},"excerpt":{"rendered":"","protected":false},"author":1,"featured_media":0,"parent":0,"menu_order":0,"comment_status":"closed","ping_status":"closed","template":"100-width.php","meta":{"footnotes":""},"class_list":["post-2157","page","type-page","status-publish","hentry"],"_links":{"self":[{"href":"https:\/\/staging.viduca.ch\/index.php?rest_route=\/wp\/v2\/pages\/2157","targetHints":{"allow":["GET"]}}],"collection":[{"href":"https:\/\/staging.viduca.ch\/index.php?rest_route=\/wp\/v2\/pages"}],"about":[{"href":"https:\/\/staging.viduca.ch\/index.php?rest_route=\/wp\/v2\/types\/page"}],"author":[{"embeddable":true,"href":"https:\/\/staging.viduca.ch\/index.php?rest_route=\/wp\/v2\/users\/1"}],"replies":[{"embeddable":true,"href":"https:\/\/staging.viduca.ch\/index.php?rest_route=%2Fwp%2Fv2%2Fcomments&post=2157"}],"version-history":[{"count":4,"href":"https:\/\/staging.viduca.ch\/index.php?rest_route=\/wp\/v2\/pages\/2157\/revisions"}],"predecessor-version":[{"id":2165,"href":"https:\/\/staging.viduca.ch\/index.php?rest_route=\/wp\/v2\/pages\/2157\/revisions\/2165"}],"wp:attachment":[{"href":"https:\/\/staging.viduca.ch\/index.php?rest_route=%2Fwp%2Fv2%2Fmedia&parent=2157"}],"curies":[{"name":"wp","href":"https:\/\/api.w.org\/{rel}","templated":true}]}}